{"id":12984,"date":"2024-07-01T16:24:30","date_gmt":"2024-07-01T14:24:30","guid":{"rendered":"https:\/\/prosocteamsport.com\/?post_type=product&#038;p=12984"},"modified":"2024-08-26T10:39:45","modified_gmt":"2024-08-26T08:39:45","slug":"kurze-trainingshose-women-paris-ii-schwarz-fc-bierbach","status":"publish","type":"product","link":"https:\/\/prosocteamsport.com\/en\/product\/kurze-trainingshose-women-paris-ii-schwarz-fc-bierbach\/","title":{"rendered":"Kurze Trainingshose Women \u2013 Paris II Schwarz &#8211; FC Bierbach"},"content":{"rendered":"<p>Kurze Hose mit gebogener \u00d6ffnung an der Seite, welche die Mobilit\u00e4t f\u00f6rdert. Mit elastischem Bund mit Kordelzug innen f\u00fcr optimale Passform.<\/p>","protected":false},"excerpt":{"rendered":"<ul>\n<li>Elastischer Bund mit innerem Kordelzug<\/li>\n<li>Leichter und atmungsaktiver Stoff<\/li>\n<li>Bewegungsfreiheit<\/li>\n<li>100% Polyester<\/li>\n<\/ul>","protected":false},"featured_media":12996,"comment_status":"open","ping_status":"closed","template":"","meta":{"rank_math_lock_modified_date":false},"product_brand":[],"product_cat":[187],"product_tag":[],"class_list":{"0":"post-12984","1":"product","2":"type-product","3":"status-publish","4":"has-post-thumbnail","6":"product_cat-fcbierbach","7":"wcpa_has_options","9":"first","10":"instock","11":"taxable","12":"shipping-taxable","13":"purchasable","14":"product-type-variable"},"df_price":11.5,"df_sale_price":"","df_regular_price":11.5,"df_image_link":"https:\/\/prosocteamsport.com\/wp-content\/uploads\/2024\/07\/Kurze-Trainingshose-Women-\u2013-Paris-II-Schwarz-263x300.jpg","wcpa_form_fields":{"wcpaData":{"product":{"product_price":11.5,"price_html":"<span class=\"woocommerce-Price-amount amount\"><bdi>11,50&nbsp;<span class=\"woocommerce-Price-currencySymbol\">&euro;<\/span><\/bdi><\/span>","original_product_price":11.5,"price_including_tax":11.5,"price_excluding_tax":9.663866,"product_id":{"parent":12984,"variation":false},"is_variable":true,"stock_status":"instock","stock_quantity":null,"parent_sku":"900282.100","product_attributes":{"pa_size":{"is_variation":true,"values":[]}},"custom_fields":[],"is_taxable":true,"product_name":"Kurze Trainingshose Women \u2013 Paris II Schwarz - FC Bierbach","hasImage":false},"fields":{"sec_065a7cc80d9fcc":{"extra":{"key":"sec_065a7cc80d9fcc","section_id":"sec_065a7cc80d9fcc","name":"Default","status":1,"cl_rule":"show","enableCl":false,"relations":[],"toggle":true,"title_tag":"h3","show_title":false,"showPrice":"default","form_id":12174,"form_rules":{"exclude_from_discount":false,"fee_label":"Fee","disp_hide_options_price":false,"disp_show_section_price":false,"disp_show_field_price":true,"layout_option":"standard","pric_use_as_fee":false,"process_fee_as":"woo_fee"},"layout_option":"standard"},"fields":[[{"active":true,"col":6,"relations":false,"cl_rule":"show","enableCl":false,"price":"","enablePrice":false,"className":"","label_position":"default","desc_position":"default","type":"text","subtype":"text","required":false,"elementId":"text_4956840441","label":"Initialen","name":"text_4956840441","value":"","error":false,"gt_translate_keys":["label","value"],"price_dependency":false,"cl_dependency":false}]]}},"config":{"price_override":"","enable_recaptcha":false,"bind_quantity":false,"quantity_bind_formula":false,"disp_summ_show_option_price":true,"disp_summ_show_product_price":true,"disp_summ_show_total_price":true,"disp_summ_show_fee":false,"disp_summ_show_discount":false,"summary_title":"","options_total_label":"Options Price","total_label":"Total","options_product_label":"Product Price","fee_label":"Fee","discount_label":"Discount","has_price":true,"has_quantity_formula":false},"mc_unit":1,"tax_rate":1,"tax_rate_real":0.19,"discount":{"percentage":0,"fixed":0},"design":{"conf":{"LabelPosition":"above","DescPosition":"above","UploadField":"custom_1","QuantityFieldStyle":"default"},"css":{"LeftLabelWidth":"120px"}},"formulas":[],"lookuptables":[],"clones":false,"cartKey":false}},"_links":{"self":[{"href":"https:\/\/prosocteamsport.com\/en\/wp-json\/wp\/v2\/product\/12984","targetHints":{"allow":["GET"]}}],"collection":[{"href":"https:\/\/prosocteamsport.com\/en\/wp-json\/wp\/v2\/product"}],"about":[{"href":"https:\/\/prosocteamsport.com\/en\/wp-json\/wp\/v2\/types\/product"}],"replies":[{"embeddable":true,"href":"https:\/\/prosocteamsport.com\/en\/wp-json\/wp\/v2\/comments?post=12984"}],"version-history":[{"count":3,"href":"https:\/\/prosocteamsport.com\/en\/wp-json\/wp\/v2\/product\/12984\/revisions"}],"predecessor-version":[{"id":12999,"href":"https:\/\/prosocteamsport.com\/en\/wp-json\/wp\/v2\/product\/12984\/revisions\/12999"}],"wp:featuredmedia":[{"embeddable":true,"href":"https:\/\/prosocteamsport.com\/en\/wp-json\/wp\/v2\/media\/12996"}],"wp:attachment":[{"href":"https:\/\/prosocteamsport.com\/en\/wp-json\/wp\/v2\/media?parent=12984"}],"wp:term":[{"taxonomy":"product_brand","embeddable":true,"href":"https:\/\/prosocteamsport.com\/en\/wp-json\/wp\/v2\/product_brand?post=12984"},{"taxonomy":"product_cat","embeddable":true,"href":"https:\/\/prosocteamsport.com\/en\/wp-json\/wp\/v2\/product_cat?post=12984"},{"taxonomy":"product_tag","embeddable":true,"href":"https:\/\/prosocteamsport.com\/en\/wp-json\/wp\/v2\/product_tag?post=12984"}],"curies":[{"name":"wp","href":"https:\/\/api.w.org\/{rel}","templated":true}]}}