{"id":12784,"date":"2024-06-17T11:42:07","date_gmt":"2024-06-17T09:42:07","guid":{"rendered":"https:\/\/prosocteamsport.com\/?post_type=product&#038;p=12784"},"modified":"2024-06-17T13:51:02","modified_gmt":"2024-06-17T11:51:02","slug":"eurocopa-iii-weiss-kurze-hose","status":"publish","type":"product","link":"https:\/\/prosocteamsport.com\/en\/product\/eurocopa-iii-weiss-kurze-hose\/","title":{"rendered":"Eurocopa III \u2013 Wei\u00df \u2013 kurze Hose &#8211; Sc Kulti"},"content":{"rendered":"<p>Shorts mit elastischer Taille und Kord<\/p>\n<p>Herrenshorts, speziell f\u00fcr Trainingseinheiten und Fu\u00dfballspiele konzipiert. Ein absolutes Basic f\u00fcr ein angenehmes Training mit voller Bewegungsfreiheit.<\/p>\n<p>Diese kurze Hose hat einen elastischen Bund mit innenliegendem Kordelzug f\u00fcr maximale Anpassungsf\u00e4higkeit. Am Saum hat sie kleine \u00d6ffnungen, um die Schrittl\u00e4nge zu erh\u00f6hen.<\/p>\n<p>Hergestellt aus leichtem, atmungsaktivem und hochwertigem Textil, f\u00fcr eine lange Lebensdauer.<\/p>\n<p>Aufgesticktes Joma-Logo.<\/p>","protected":false},"excerpt":{"rendered":"<ul class=\"double-column\">\n<li>Elastischer Bund mit Kordelzug<\/li>\n<li>Ohne Taschen<\/li>\n<li>Leichter Stoff<\/li>\n<li>Bewegungsfreiheit<\/li>\n<li>Passformtyp: regular<\/li>\n<li>100% Polyester<\/li>\n<\/ul>","protected":false},"featured_media":12792,"comment_status":"open","ping_status":"closed","template":"","meta":{"rank_math_lock_modified_date":false},"product_brand":[],"product_cat":[186],"product_tag":[],"class_list":{"0":"post-12784","1":"product","2":"type-product","3":"status-publish","4":"has-post-thumbnail","6":"product_cat-sckulti","8":"first","9":"instock","10":"taxable","11":"shipping-taxable","12":"purchasable","13":"product-type-variable"},"df_price":13.5,"df_sale_price":"","df_regular_price":13.5,"df_image_link":"https:\/\/prosocteamsport.com\/wp-content\/uploads\/2024\/06\/Eurocopa-III-\u2013-Weiss-\u2013-kurze-Hose-263x300.jpg","wcpa_form_fields":null,"_links":{"self":[{"href":"https:\/\/prosocteamsport.com\/en\/wp-json\/wp\/v2\/product\/12784","targetHints":{"allow":["GET"]}}],"collection":[{"href":"https:\/\/prosocteamsport.com\/en\/wp-json\/wp\/v2\/product"}],"about":[{"href":"https:\/\/prosocteamsport.com\/en\/wp-json\/wp\/v2\/types\/product"}],"replies":[{"embeddable":true,"href":"https:\/\/prosocteamsport.com\/en\/wp-json\/wp\/v2\/comments?post=12784"}],"version-history":[{"count":4,"href":"https:\/\/prosocteamsport.com\/en\/wp-json\/wp\/v2\/product\/12784\/revisions"}],"predecessor-version":[{"id":12844,"href":"https:\/\/prosocteamsport.com\/en\/wp-json\/wp\/v2\/product\/12784\/revisions\/12844"}],"wp:featuredmedia":[{"embeddable":true,"href":"https:\/\/prosocteamsport.com\/en\/wp-json\/wp\/v2\/media\/12792"}],"wp:attachment":[{"href":"https:\/\/prosocteamsport.com\/en\/wp-json\/wp\/v2\/media?parent=12784"}],"wp:term":[{"taxonomy":"product_brand","embeddable":true,"href":"https:\/\/prosocteamsport.com\/en\/wp-json\/wp\/v2\/product_brand?post=12784"},{"taxonomy":"product_cat","embeddable":true,"href":"https:\/\/prosocteamsport.com\/en\/wp-json\/wp\/v2\/product_cat?post=12784"},{"taxonomy":"product_tag","embeddable":true,"href":"https:\/\/prosocteamsport.com\/en\/wp-json\/wp\/v2\/product_tag?post=12784"}],"curies":[{"name":"wp","href":"https:\/\/api.w.org\/{rel}","templated":true}]}}