{"id":12763,"date":"2024-06-17T11:28:32","date_gmt":"2024-06-17T09:28:32","guid":{"rendered":"https:\/\/prosocteamsport.com\/?post_type=product&#038;p=12763"},"modified":"2024-06-17T11:32:08","modified_gmt":"2024-06-17T09:32:08","slug":"diamond-ii-schwarz-rucksack-sc-kulti","status":"publish","type":"product","link":"https:\/\/prosocteamsport.com\/en\/product\/diamond-ii-schwarz-rucksack-sc-kulti\/","title":{"rendered":"Diamond II \u2013 Schwarz \u2013 Rucksack &#8211; Sc Kulti"},"content":{"rendered":"<p>R\u00fccksack mit erst\u00e4rkung im R\u00fccken. Fach f\u00fcr Ball an der orderseite. Logo im Siebdruck.Kapazit\u00e4t in Liter: 44.2<\/p>","protected":false},"excerpt":{"rendered":"<ul class=\"double-column\">\n<li>Robuster Stoff<\/li>\n<li>Balltasche<\/li>\n<li>Vordertaschen<\/li>\n<li>Gepolsterter R\u00fccken<\/li>\n<li>Kapazit\u00e4t 44,2 L<\/li>\n<li>Abmessungen: H\u00f6he 47 cm x Breite 32 cm x Tiefe 32 cm<\/li>\n<li>Verstellbare gepolsterte Gurte<\/li>\n<li>100% Polyester<\/li>\n<\/ul>","protected":false},"featured_media":12765,"comment_status":"open","ping_status":"closed","template":"","meta":{"rank_math_lock_modified_date":false},"product_brand":[],"product_cat":[186],"product_tag":[],"class_list":{"0":"post-12763","1":"product","2":"type-product","3":"status-publish","4":"has-post-thumbnail","6":"product_cat-sckulti","8":"first","9":"instock","10":"taxable","11":"shipping-taxable","12":"purchasable","13":"product-type-simple"},"df_price":23,"df_sale_price":"","df_regular_price":23,"df_image_link":"https:\/\/prosocteamsport.com\/wp-content\/uploads\/2024\/06\/Diamond-II-\u2013-schwarz-\u2013-Rucksack-263x300.jpg","wcpa_form_fields":null,"_links":{"self":[{"href":"https:\/\/prosocteamsport.com\/en\/wp-json\/wp\/v2\/product\/12763","targetHints":{"allow":["GET"]}}],"collection":[{"href":"https:\/\/prosocteamsport.com\/en\/wp-json\/wp\/v2\/product"}],"about":[{"href":"https:\/\/prosocteamsport.com\/en\/wp-json\/wp\/v2\/types\/product"}],"replies":[{"embeddable":true,"href":"https:\/\/prosocteamsport.com\/en\/wp-json\/wp\/v2\/comments?post=12763"}],"version-history":[{"count":3,"href":"https:\/\/prosocteamsport.com\/en\/wp-json\/wp\/v2\/product\/12763\/revisions"}],"predecessor-version":[{"id":12767,"href":"https:\/\/prosocteamsport.com\/en\/wp-json\/wp\/v2\/product\/12763\/revisions\/12767"}],"wp:featuredmedia":[{"embeddable":true,"href":"https:\/\/prosocteamsport.com\/en\/wp-json\/wp\/v2\/media\/12765"}],"wp:attachment":[{"href":"https:\/\/prosocteamsport.com\/en\/wp-json\/wp\/v2\/media?parent=12763"}],"wp:term":[{"taxonomy":"product_brand","embeddable":true,"href":"https:\/\/prosocteamsport.com\/en\/wp-json\/wp\/v2\/product_brand?post=12763"},{"taxonomy":"product_cat","embeddable":true,"href":"https:\/\/prosocteamsport.com\/en\/wp-json\/wp\/v2\/product_cat?post=12763"},{"taxonomy":"product_tag","embeddable":true,"href":"https:\/\/prosocteamsport.com\/en\/wp-json\/wp\/v2\/product_tag?post=12763"}],"curies":[{"name":"wp","href":"https:\/\/api.w.org\/{rel}","templated":true}]}}