{"id":12754,"date":"2024-06-17T11:22:10","date_gmt":"2024-06-17T09:22:10","guid":{"rendered":"https:\/\/prosocteamsport.com\/?post_type=product&#038;p=12754"},"modified":"2024-06-17T11:27:56","modified_gmt":"2024-06-17T09:27:56","slug":"training-iii-schwarz-trainingstasche-sc-kulti","status":"publish","type":"product","link":"https:\/\/prosocteamsport.com\/en\/product\/training-iii-schwarz-trainingstasche-sc-kulti\/","title":{"rendered":"Training III -Schwarz-Trainingstasche &#8211; Sc Kulti"},"content":{"rendered":"<p>Sporttasche mit gepolstertem Innenfach f\u00fcr Training und Wettkampf. Die Tasche besteht aus Polyamid, einer sehr strapazierf\u00e4higen und leichten Kunstfaser. H\u00f6he: 52 cm (H\u00f6he des Schuhfachs: 15 cm). Breite: 54 cm. Tiefe: 32 cm.<\/p>","protected":false},"excerpt":{"rendered":"<ul class=\"double-column\">\n<li>Robuster Stoff<\/li>\n<li>Seitentasche<\/li>\n<li>Hohe Schuhtasche 15 cm<\/li>\n<li>Kapazit\u00e4t 72 L<\/li>\n<li>Abmessungen: H\u00f6he 52 cm x Breite 54 cm x Tiefe 32 cm<\/li>\n<li>Gepolsterte Griffe<\/li>\n<li>Abnehmbarer Gurt<\/li>\n<li>100% Polyester<\/li>\n<\/ul>","protected":false},"featured_media":12759,"comment_status":"open","ping_status":"closed","template":"","meta":{"rank_math_lock_modified_date":false},"product_brand":[],"product_cat":[186],"product_tag":[],"class_list":{"0":"post-12754","1":"product","2":"type-product","3":"status-publish","4":"has-post-thumbnail","6":"product_cat-sckulti","8":"first","9":"instock","10":"taxable","11":"shipping-taxable","12":"purchasable","13":"product-type-simple"},"df_price":29,"df_sale_price":"","df_regular_price":29,"df_image_link":"https:\/\/prosocteamsport.com\/wp-content\/uploads\/2024\/06\/Training-III-schwarz-Trainingstasche-263x300.jpg","wcpa_form_fields":null,"_links":{"self":[{"href":"https:\/\/prosocteamsport.com\/en\/wp-json\/wp\/v2\/product\/12754","targetHints":{"allow":["GET"]}}],"collection":[{"href":"https:\/\/prosocteamsport.com\/en\/wp-json\/wp\/v2\/product"}],"about":[{"href":"https:\/\/prosocteamsport.com\/en\/wp-json\/wp\/v2\/types\/product"}],"replies":[{"embeddable":true,"href":"https:\/\/prosocteamsport.com\/en\/wp-json\/wp\/v2\/comments?post=12754"}],"version-history":[{"count":3,"href":"https:\/\/prosocteamsport.com\/en\/wp-json\/wp\/v2\/product\/12754\/revisions"}],"predecessor-version":[{"id":12762,"href":"https:\/\/prosocteamsport.com\/en\/wp-json\/wp\/v2\/product\/12754\/revisions\/12762"}],"wp:featuredmedia":[{"embeddable":true,"href":"https:\/\/prosocteamsport.com\/en\/wp-json\/wp\/v2\/media\/12759"}],"wp:attachment":[{"href":"https:\/\/prosocteamsport.com\/en\/wp-json\/wp\/v2\/media?parent=12754"}],"wp:term":[{"taxonomy":"product_brand","embeddable":true,"href":"https:\/\/prosocteamsport.com\/en\/wp-json\/wp\/v2\/product_brand?post=12754"},{"taxonomy":"product_cat","embeddable":true,"href":"https:\/\/prosocteamsport.com\/en\/wp-json\/wp\/v2\/product_cat?post=12754"},{"taxonomy":"product_tag","embeddable":true,"href":"https:\/\/prosocteamsport.com\/en\/wp-json\/wp\/v2\/product_tag?post=12754"}],"curies":[{"name":"wp","href":"https:\/\/api.w.org\/{rel}","templated":true}]}}