{"id":12722,"date":"2024-06-17T11:00:57","date_gmt":"2024-06-17T09:00:57","guid":{"rendered":"https:\/\/prosocteamsport.com\/?post_type=product&#038;p=12722"},"modified":"2024-06-17T11:05:20","modified_gmt":"2024-06-17T09:05:20","slug":"basilea-ii-weiss-softshelljacke-sc-kulti","status":"publish","type":"product","link":"https:\/\/prosocteamsport.com\/en\/product\/basilea-ii-weiss-softshelljacke-sc-kulti\/","title":{"rendered":"Basilea II \u2013 Wei\u00df \u2013 Softshelljacke &#8211; Sc Kulti"},"content":{"rendered":"<p>Softshell-Jacke f\u00fcr M\u00e4nner. Eine leichte Jacke, die w\u00e4hrend des Trainings thermischen Schutz bietet. Perfekt zum Tragen, wenn die Temperaturen sinken.<\/p>\n<p>Ausgestattet mit einem durchgehenden Rei\u00dfverschluss und einem Kinnschutz, der Reibung verhindert. Au\u00dferdem gibt es zwei Vordertaschen mit Rei\u00dfverschluss, in denen Sie pers\u00f6nliche Gegenst\u00e4nde sicher verstauen k\u00f6nnen.<\/p>\n<p>Aus leichtem und elastischem Material, das Sie warm h\u00e4lt und gleichzeitig eine hervorragende Passform und Bewegungsfreiheit bietet.<\/p>\n<p>Embroidered Joma logo.<\/p>","protected":false},"excerpt":{"rendered":"<ul class=\"double-column\">\n<li>Elastische B\u00fcndchen und Saum<\/li>\n<li>Kapuze<\/li>\n<li>Taschen mit Rei\u00dfverschluss<\/li>\n<li>Elastischer und komfortabler Stoff<\/li>\n<li>Hauptgewebe 92% Polyester, 8% Spandex \/ Innenfutter 100% Polyester<\/li>\n<\/ul>","protected":false},"featured_media":12729,"comment_status":"open","ping_status":"closed","template":"","meta":{"rank_math_lock_modified_date":false},"product_brand":[],"product_cat":[186],"product_tag":[],"class_list":{"0":"post-12722","1":"product","2":"type-product","3":"status-publish","4":"has-post-thumbnail","6":"product_cat-sckulti","8":"first","9":"instock","10":"taxable","11":"shipping-taxable","12":"purchasable","13":"product-type-variable"},"df_price":43,"df_sale_price":"","df_regular_price":43,"df_image_link":"https:\/\/prosocteamsport.com\/wp-content\/uploads\/2024\/06\/Basilea-II-\u2013-weiss-\u2013-Softshelljacke-263x300.jpg","wcpa_form_fields":null,"_links":{"self":[{"href":"https:\/\/prosocteamsport.com\/en\/wp-json\/wp\/v2\/product\/12722","targetHints":{"allow":["GET"]}}],"collection":[{"href":"https:\/\/prosocteamsport.com\/en\/wp-json\/wp\/v2\/product"}],"about":[{"href":"https:\/\/prosocteamsport.com\/en\/wp-json\/wp\/v2\/types\/product"}],"replies":[{"embeddable":true,"href":"https:\/\/prosocteamsport.com\/en\/wp-json\/wp\/v2\/comments?post=12722"}],"version-history":[{"count":3,"href":"https:\/\/prosocteamsport.com\/en\/wp-json\/wp\/v2\/product\/12722\/revisions"}],"predecessor-version":[{"id":12733,"href":"https:\/\/prosocteamsport.com\/en\/wp-json\/wp\/v2\/product\/12722\/revisions\/12733"}],"wp:featuredmedia":[{"embeddable":true,"href":"https:\/\/prosocteamsport.com\/en\/wp-json\/wp\/v2\/media\/12729"}],"wp:attachment":[{"href":"https:\/\/prosocteamsport.com\/en\/wp-json\/wp\/v2\/media?parent=12722"}],"wp:term":[{"taxonomy":"product_brand","embeddable":true,"href":"https:\/\/prosocteamsport.com\/en\/wp-json\/wp\/v2\/product_brand?post=12722"},{"taxonomy":"product_cat","embeddable":true,"href":"https:\/\/prosocteamsport.com\/en\/wp-json\/wp\/v2\/product_cat?post=12722"},{"taxonomy":"product_tag","embeddable":true,"href":"https:\/\/prosocteamsport.com\/en\/wp-json\/wp\/v2\/product_tag?post=12722"}],"curies":[{"name":"wp","href":"https:\/\/api.w.org\/{rel}","templated":true}]}}