{"id":12678,"date":"2024-06-17T10:36:56","date_gmt":"2024-06-17T08:36:56","guid":{"rendered":"https:\/\/prosocteamsport.com\/?post_type=product&#038;p=12678"},"modified":"2024-10-31T04:43:34","modified_gmt":"2024-10-31T03:43:34","slug":"campus-iii-weiss-trainingsjacke-sckulti","status":"publish","type":"product","link":"https:\/\/prosocteamsport.com\/en\/product\/campus-iii-weiss-trainingsjacke-sckulti\/","title":{"rendered":"Campus III \u2013 Wei\u00df \u2013 Trainingsjacke &#8211; Sc Kulti"},"content":{"rendered":"<p>Sweatshirt mit halbem Rei\u00dferschluss. Es erf\u00fcgt \u00fcber einen gestreiften Rippenkragen, Manschetten und Saum. Gesticktes J-Logo.<\/p>","protected":false},"excerpt":{"rendered":"<ul class=\"double-column\">\n<li>Gerippte B\u00fcndchen und Saum<\/li>\n<li>Kragen gerippt<\/li>\n<li>Weicher und bequemer Stoff<\/li>\n<li>Fleece-Stoff innen<\/li>\n<li>Kontrastreiche Farbschnitte<\/li>\n<li>Bewegungsfreiheit<\/li>\n<li>100% Polyester<\/li>\n<\/ul>","protected":false},"featured_media":12685,"comment_status":"open","ping_status":"closed","template":"","meta":{"rank_math_lock_modified_date":false},"product_brand":[],"product_cat":[186],"product_tag":[],"class_list":{"0":"post-12678","1":"product","2":"type-product","3":"status-publish","4":"has-post-thumbnail","6":"product_cat-sckulti","8":"first","9":"instock","10":"taxable","11":"shipping-taxable","12":"purchasable","13":"product-type-variable"},"df_price":32,"df_sale_price":"","df_regular_price":32,"df_image_link":"https:\/\/prosocteamsport.com\/wp-content\/uploads\/2024\/06\/Campus-III-\u2013-weiss-\u2013-Trainingsjacke-263x300.jpg","wcpa_form_fields":null,"_links":{"self":[{"href":"https:\/\/prosocteamsport.com\/en\/wp-json\/wp\/v2\/product\/12678","targetHints":{"allow":["GET"]}}],"collection":[{"href":"https:\/\/prosocteamsport.com\/en\/wp-json\/wp\/v2\/product"}],"about":[{"href":"https:\/\/prosocteamsport.com\/en\/wp-json\/wp\/v2\/types\/product"}],"replies":[{"embeddable":true,"href":"https:\/\/prosocteamsport.com\/en\/wp-json\/wp\/v2\/comments?post=12678"}],"version-history":[{"count":3,"href":"https:\/\/prosocteamsport.com\/en\/wp-json\/wp\/v2\/product\/12678\/revisions"}],"predecessor-version":[{"id":12689,"href":"https:\/\/prosocteamsport.com\/en\/wp-json\/wp\/v2\/product\/12678\/revisions\/12689"}],"wp:featuredmedia":[{"embeddable":true,"href":"https:\/\/prosocteamsport.com\/en\/wp-json\/wp\/v2\/media\/12685"}],"wp:attachment":[{"href":"https:\/\/prosocteamsport.com\/en\/wp-json\/wp\/v2\/media?parent=12678"}],"wp:term":[{"taxonomy":"product_brand","embeddable":true,"href":"https:\/\/prosocteamsport.com\/en\/wp-json\/wp\/v2\/product_brand?post=12678"},{"taxonomy":"product_cat","embeddable":true,"href":"https:\/\/prosocteamsport.com\/en\/wp-json\/wp\/v2\/product_cat?post=12678"},{"taxonomy":"product_tag","embeddable":true,"href":"https:\/\/prosocteamsport.com\/en\/wp-json\/wp\/v2\/product_tag?post=12678"}],"curies":[{"name":"wp","href":"https:\/\/api.w.org\/{rel}","templated":true}]}}