{"id":12581,"date":"2024-02-23T10:38:47","date_gmt":"2024-02-23T09:38:47","guid":{"rendered":"https:\/\/prosocteamsport.com\/?post_type=product&#038;p=12581"},"modified":"2024-02-23T10:43:37","modified_gmt":"2024-02-23T09:43:37","slug":"handschuhe-panther-blau-orange-torwartschule","status":"publish","type":"product","link":"https:\/\/prosocteamsport.com\/en\/product\/handschuhe-panther-blau-orange-torwartschule\/","title":{"rendered":"Handschuhe &#8211; Panther &#8211; blau orange &#8211; Torwartschule"},"content":{"rendered":"<div class=\"collapseText\">\n<div class=\"collapseText\">\n<p>Diese Torwarthandschuhe werden verhindern, dass Ihnen kein Tor entgeht. Diese Torwarthandschuhe bieten dem Fu\u00dfballspieler mehr Handhabung und Flexibilit\u00e4t in der Handfl\u00e4che und den Fingern und bieten zudem einen besseren Halt. Deshalb sind sie f\u00fcr erfahrene Spieler geeignet.<\/p>\n<p>Die Latexsohle ist mit Schaumstoff gepolstert, so dass sie jeden Ballaufprall absorbiert. Dar\u00fcber hinaus bietet dieses Material einen hohen Grad an Haftung und Ballkontrolle.<\/p>\n<p>Das Handgelenk wird durch eine \u00d6ffnung mit elastischem Band angepasst. Dadurch ist es auch einfacher und schneller, sie anzuziehen und auszuziehen.<\/p>\n<p>Mit einem farbenfrohen Design und Silikoneins\u00e4tzen, die das Joma-Logo bilden.<\/p>\n<\/div>\n<\/div>","protected":false},"excerpt":{"rendered":"<div id=\"features\" class=\"attbox menu-description-title title current\">\n<div class=\"row\">\n<div class=\"col-sm-12 p-0\">\n<div id=\"features\" class=\"attbox menu-description-title title current\">\n<div class=\"row\">\n<div class=\"col-sm-12 p-0\">\n<p>Robustes Material<br \/>\nElastischer Griff<br \/>\nInnen gepolstert<br \/>\n40% Latex, 30% Neopren, 15% Silikon, 10% Polyester, 3% Elastisch, 2% Andere<\/p>\n<\/div>\n<\/div>\n<\/div>\n<\/div>\n<\/div>\n<\/div>","protected":false},"featured_media":12547,"comment_status":"open","ping_status":"closed","template":"","meta":{"rank_math_lock_modified_date":false},"product_brand":[],"product_cat":[185],"product_tag":[],"class_list":{"0":"post-12581","1":"product","2":"type-product","3":"status-publish","4":"has-post-thumbnail","6":"product_cat-btotws","8":"first","9":"instock","10":"taxable","11":"shipping-taxable","12":"purchasable","13":"product-type-variable"},"df_price":42,"df_sale_price":"","df_regular_price":42,"df_image_link":"https:\/\/prosocteamsport.com\/wp-content\/uploads\/2024\/02\/Handschuhe-Panther-263x300.jpg","wcpa_form_fields":null,"_links":{"self":[{"href":"https:\/\/prosocteamsport.com\/en\/wp-json\/wp\/v2\/product\/12581","targetHints":{"allow":["GET"]}}],"collection":[{"href":"https:\/\/prosocteamsport.com\/en\/wp-json\/wp\/v2\/product"}],"about":[{"href":"https:\/\/prosocteamsport.com\/en\/wp-json\/wp\/v2\/types\/product"}],"replies":[{"embeddable":true,"href":"https:\/\/prosocteamsport.com\/en\/wp-json\/wp\/v2\/comments?post=12581"}],"version-history":[{"count":3,"href":"https:\/\/prosocteamsport.com\/en\/wp-json\/wp\/v2\/product\/12581\/revisions"}],"predecessor-version":[{"id":12590,"href":"https:\/\/prosocteamsport.com\/en\/wp-json\/wp\/v2\/product\/12581\/revisions\/12590"}],"wp:featuredmedia":[{"embeddable":true,"href":"https:\/\/prosocteamsport.com\/en\/wp-json\/wp\/v2\/media\/12547"}],"wp:attachment":[{"href":"https:\/\/prosocteamsport.com\/en\/wp-json\/wp\/v2\/media?parent=12581"}],"wp:term":[{"taxonomy":"product_brand","embeddable":true,"href":"https:\/\/prosocteamsport.com\/en\/wp-json\/wp\/v2\/product_brand?post=12581"},{"taxonomy":"product_cat","embeddable":true,"href":"https:\/\/prosocteamsport.com\/en\/wp-json\/wp\/v2\/product_cat?post=12581"},{"taxonomy":"product_tag","embeddable":true,"href":"https:\/\/prosocteamsport.com\/en\/wp-json\/wp\/v2\/product_tag?post=12581"}],"curies":[{"name":"wp","href":"https:\/\/api.w.org\/{rel}","templated":true}]}}