{"id":12571,"date":"2024-02-23T10:25:16","date_gmt":"2024-02-23T09:25:16","guid":{"rendered":"https:\/\/prosocteamsport.com\/?post_type=product&#038;p=12571"},"modified":"2024-02-23T10:37:55","modified_gmt":"2024-02-23T09:37:55","slug":"handschuhe-area-360-schwarz-gelb-torwartschule","status":"publish","type":"product","link":"https:\/\/prosocteamsport.com\/en\/product\/handschuhe-area-360-schwarz-gelb-torwartschule\/","title":{"rendered":"Handschuhe &#8211; Area 360 &#8211; schwarz gelb &#8211; Torwartschule"},"content":{"rendered":"<div class=\"collapseText\">Torwarthandschuhe aus superweichem Latex, das hervorragenden Grip und Sto\u00dfd\u00e4mpfung bietet. Mit sch\u00fctzendem Silikon an den Fingern, um Verletzungen zu vermeiden. Sie umfassen ein gestricktes Gewebe, das wie eine zweite Haut wirkt, bietet Flexibilit\u00e4t und eine hervorragende Passform.<\/div>","protected":false},"excerpt":{"rendered":"<div id=\"features\" class=\"attbox menu-description-title title current\">\n<div class=\"row\">\n<div class=\"col-sm-12 p-0\">\n<p>Silikon-Eins\u00e4tze in der Handfl\u00e4che<br \/>\nElastischer Griff<br \/>\nAu\u00dfenseite 100% Latex \/ Innenseite 95% Polyester, 5% Spandex<\/p>\n<\/div>\n<\/div>\n<\/div>","protected":false},"featured_media":12550,"comment_status":"open","ping_status":"closed","template":"","meta":{"rank_math_lock_modified_date":false},"product_brand":[],"product_cat":[185],"product_tag":[],"class_list":{"0":"post-12571","1":"product","2":"type-product","3":"status-publish","4":"has-post-thumbnail","6":"product_cat-btotws","8":"first","9":"instock","10":"taxable","11":"shipping-taxable","12":"purchasable","13":"product-type-variable"},"df_price":81.3,"df_sale_price":"","df_regular_price":81.3,"df_image_link":"https:\/\/prosocteamsport.com\/wp-content\/uploads\/2024\/02\/Handschuhe-Area-360-263x300.jpg","wcpa_form_fields":null,"_links":{"self":[{"href":"https:\/\/prosocteamsport.com\/en\/wp-json\/wp\/v2\/product\/12571","targetHints":{"allow":["GET"]}}],"collection":[{"href":"https:\/\/prosocteamsport.com\/en\/wp-json\/wp\/v2\/product"}],"about":[{"href":"https:\/\/prosocteamsport.com\/en\/wp-json\/wp\/v2\/types\/product"}],"replies":[{"embeddable":true,"href":"https:\/\/prosocteamsport.com\/en\/wp-json\/wp\/v2\/comments?post=12571"}],"version-history":[{"count":3,"href":"https:\/\/prosocteamsport.com\/en\/wp-json\/wp\/v2\/product\/12571\/revisions"}],"predecessor-version":[{"id":12580,"href":"https:\/\/prosocteamsport.com\/en\/wp-json\/wp\/v2\/product\/12571\/revisions\/12580"}],"wp:featuredmedia":[{"embeddable":true,"href":"https:\/\/prosocteamsport.com\/en\/wp-json\/wp\/v2\/media\/12550"}],"wp:attachment":[{"href":"https:\/\/prosocteamsport.com\/en\/wp-json\/wp\/v2\/media?parent=12571"}],"wp:term":[{"taxonomy":"product_brand","embeddable":true,"href":"https:\/\/prosocteamsport.com\/en\/wp-json\/wp\/v2\/product_brand?post=12571"},{"taxonomy":"product_cat","embeddable":true,"href":"https:\/\/prosocteamsport.com\/en\/wp-json\/wp\/v2\/product_cat?post=12571"},{"taxonomy":"product_tag","embeddable":true,"href":"https:\/\/prosocteamsport.com\/en\/wp-json\/wp\/v2\/product_tag?post=12571"}],"curies":[{"name":"wp","href":"https:\/\/api.w.org\/{rel}","templated":true}]}}