{"id":12561,"date":"2024-02-23T10:14:40","date_gmt":"2024-02-23T09:14:40","guid":{"rendered":"https:\/\/prosocteamsport.com\/?post_type=product&#038;p=12561"},"modified":"2024-02-23T10:23:35","modified_gmt":"2024-02-23T09:23:35","slug":"handschuhe-area-19-fuchsienfarbig-schwarz-torwartschule","status":"publish","type":"product","link":"https:\/\/prosocteamsport.com\/en\/product\/handschuhe-area-19-fuchsienfarbig-schwarz-torwartschule\/","title":{"rendered":"Handschuhe &#8211; Area 19 &#8211; fuchsienfarbig schwarz &#8211; Torwartschule"},"content":{"rendered":"<div class=\"collapseText\">Unisex Fu\u00dfball-Torwarthandschuhe. Hergestellt aus Materialien, die eine au\u00dfergew\u00f6hnliche Griffsicherheit bieten und mit einer haftenden Befestigung am Handgelenk, die dem Spieler ein komfortables Spiel erm\u00f6glicht.<\/div>","protected":false},"excerpt":{"rendered":"<div id=\"features\" class=\"attbox menu-description-title title current\">\n<div class=\"row\">\n<div class=\"col-sm-12 p-0\">\n<p>Latex-Palme<br \/>\nGriff mit Klettverschluss<br \/>\n70% Latex, 25% Gummi, 5% Nylon<\/p>\n<\/div>\n<\/div>\n<\/div>","protected":false},"featured_media":12541,"comment_status":"open","ping_status":"closed","template":"","meta":{"rank_math_lock_modified_date":false},"product_brand":[],"product_cat":[185],"product_tag":[],"class_list":{"0":"post-12561","1":"product","2":"type-product","3":"status-publish","4":"has-post-thumbnail","6":"product_cat-btotws","8":"first","9":"instock","10":"taxable","11":"shipping-taxable","12":"purchasable","13":"product-type-variable"},"df_price":35.4,"df_sale_price":"","df_regular_price":35.4,"df_image_link":"https:\/\/prosocteamsport.com\/wp-content\/uploads\/2024\/02\/Handschuhe-Arena-19-263x300.jpg","wcpa_form_fields":null,"_links":{"self":[{"href":"https:\/\/prosocteamsport.com\/en\/wp-json\/wp\/v2\/product\/12561","targetHints":{"allow":["GET"]}}],"collection":[{"href":"https:\/\/prosocteamsport.com\/en\/wp-json\/wp\/v2\/product"}],"about":[{"href":"https:\/\/prosocteamsport.com\/en\/wp-json\/wp\/v2\/types\/product"}],"replies":[{"embeddable":true,"href":"https:\/\/prosocteamsport.com\/en\/wp-json\/wp\/v2\/comments?post=12561"}],"version-history":[{"count":3,"href":"https:\/\/prosocteamsport.com\/en\/wp-json\/wp\/v2\/product\/12561\/revisions"}],"predecessor-version":[{"id":12570,"href":"https:\/\/prosocteamsport.com\/en\/wp-json\/wp\/v2\/product\/12561\/revisions\/12570"}],"wp:featuredmedia":[{"embeddable":true,"href":"https:\/\/prosocteamsport.com\/en\/wp-json\/wp\/v2\/media\/12541"}],"wp:attachment":[{"href":"https:\/\/prosocteamsport.com\/en\/wp-json\/wp\/v2\/media?parent=12561"}],"wp:term":[{"taxonomy":"product_brand","embeddable":true,"href":"https:\/\/prosocteamsport.com\/en\/wp-json\/wp\/v2\/product_brand?post=12561"},{"taxonomy":"product_cat","embeddable":true,"href":"https:\/\/prosocteamsport.com\/en\/wp-json\/wp\/v2\/product_cat?post=12561"},{"taxonomy":"product_tag","embeddable":true,"href":"https:\/\/prosocteamsport.com\/en\/wp-json\/wp\/v2\/product_tag?post=12561"}],"curies":[{"name":"wp","href":"https:\/\/api.w.org\/{rel}","templated":true}]}}