{"id":12552,"date":"2024-02-23T10:09:09","date_gmt":"2024-02-23T09:09:09","guid":{"rendered":"https:\/\/prosocteamsport.com\/?post_type=product&#038;p=12552"},"modified":"2024-02-23T10:10:28","modified_gmt":"2024-02-23T09:10:28","slug":"handschuhe-area-360-schwarz-fuchsienfarbig-torwartschule","status":"publish","type":"product","link":"https:\/\/prosocteamsport.com\/en\/product\/handschuhe-area-360-schwarz-fuchsienfarbig-torwartschule\/","title":{"rendered":"Handschuhe &#8211; Area 360 &#8211; schwarz fuchsienfarbig &#8211; Torwartschule"},"content":{"rendered":"<div class=\"collapseText\">\n<p>Handschuhe aus superweichem 4mm-Latex, die bei allen Witterungsbedingungen hervorragende Griffigkeit und Sto\u00dfd\u00e4mpfung bieten.<\/p>\n<p>Sie verf\u00fcgen \u00fcber ein neues 3D-Silikonformsystem, das auf ergonomische Weise auf den Stoffk\u00f6rper aufgebracht wird. Durch das Gestrick liegen die Handschuhe wie eine zweite Haut an der Hand und bieten den Spielern eine hervorragende Flexibilit\u00e4t und Passform. Der Verschluss am Handgelenk ist elastisch und durch einen Klettverschluss leicht verstellbar.<\/p>\n<\/div>","protected":false},"excerpt":{"rendered":"<div id=\"features\" class=\"attbox menu-description-title title current\">\n<div class=\"row\">\n<div class=\"col-sm-12 p-0\">\n<p>Latex-Palme<br \/>\nGriff mit Klettverschluss<br \/>\n55% Latex, 25% Polyester, 15% Silikon, 5% Nylon<\/p>\n<\/div>\n<\/div>\n<\/div>","protected":false},"featured_media":12544,"comment_status":"open","ping_status":"closed","template":"","meta":{"rank_math_lock_modified_date":false},"product_brand":[],"product_cat":[185],"product_tag":[],"class_list":{"0":"post-12552","1":"product","2":"type-product","3":"status-publish","4":"has-post-thumbnail","6":"product_cat-btotws","8":"first","9":"instock","10":"taxable","11":"shipping-taxable","12":"purchasable","13":"product-type-variable"},"df_price":57.6,"df_sale_price":"","df_regular_price":57.6,"df_image_link":"https:\/\/prosocteamsport.com\/wp-content\/uploads\/2024\/02\/Handschuhe-Arena-360-263x300.jpg","wcpa_form_fields":null,"_links":{"self":[{"href":"https:\/\/prosocteamsport.com\/en\/wp-json\/wp\/v2\/product\/12552","targetHints":{"allow":["GET"]}}],"collection":[{"href":"https:\/\/prosocteamsport.com\/en\/wp-json\/wp\/v2\/product"}],"about":[{"href":"https:\/\/prosocteamsport.com\/en\/wp-json\/wp\/v2\/types\/product"}],"replies":[{"embeddable":true,"href":"https:\/\/prosocteamsport.com\/en\/wp-json\/wp\/v2\/comments?post=12552"}],"version-history":[{"count":2,"href":"https:\/\/prosocteamsport.com\/en\/wp-json\/wp\/v2\/product\/12552\/revisions"}],"predecessor-version":[{"id":12560,"href":"https:\/\/prosocteamsport.com\/en\/wp-json\/wp\/v2\/product\/12552\/revisions\/12560"}],"wp:featuredmedia":[{"embeddable":true,"href":"https:\/\/prosocteamsport.com\/en\/wp-json\/wp\/v2\/media\/12544"}],"wp:attachment":[{"href":"https:\/\/prosocteamsport.com\/en\/wp-json\/wp\/v2\/media?parent=12552"}],"wp:term":[{"taxonomy":"product_brand","embeddable":true,"href":"https:\/\/prosocteamsport.com\/en\/wp-json\/wp\/v2\/product_brand?post=12552"},{"taxonomy":"product_cat","embeddable":true,"href":"https:\/\/prosocteamsport.com\/en\/wp-json\/wp\/v2\/product_cat?post=12552"},{"taxonomy":"product_tag","embeddable":true,"href":"https:\/\/prosocteamsport.com\/en\/wp-json\/wp\/v2\/product_tag?post=12552"}],"curies":[{"name":"wp","href":"https:\/\/api.w.org\/{rel}","templated":true}]}}