{"id":12403,"date":"2024-02-19T14:59:13","date_gmt":"2024-02-19T13:59:13","guid":{"rendered":"https:\/\/prosocteamsport.com\/?post_type=product&#038;p=12403"},"modified":"2024-02-19T15:07:43","modified_gmt":"2024-02-19T14:07:43","slug":"cprotect-3-4-hose-torhueter-torwartschule","status":"publish","type":"product","link":"https:\/\/prosocteamsport.com\/en\/product\/cprotect-3-4-hose-torhueter-torwartschule\/","title":{"rendered":"Protect 3\/4 Hose &#8211; Torh\u00fcter &#8211; Torwartschule"},"content":{"rendered":"<p>3\/4-Torwartshorts f\u00fcr M\u00e4nner. Sie bieten den h\u00f6chsten Schutz, da er an den Seiten und Knien verst\u00e4rkt ist, um St\u00f6\u00dfe zu absorbieren.<\/p>","protected":false},"excerpt":{"rendered":"<div id=\"features\" class=\"attbox menu-description-title title current\">\n<div class=\"row\">\n<div class=\"col-sm-12 p-0\">\n<p>Bequemer Stoff<br \/>\nBewegungsfreiheit<br \/>\nKnie- und Seitenschutz<br \/>\n100% Polyester<\/p>\n<\/div>\n<\/div>\n<\/div>","protected":false},"featured_media":12330,"comment_status":"open","ping_status":"closed","template":"","meta":{"rank_math_lock_modified_date":false},"product_brand":[],"product_cat":[185],"product_tag":[],"class_list":{"0":"post-12403","1":"product","2":"type-product","3":"status-publish","4":"has-post-thumbnail","6":"product_cat-btotws","7":"wcpa_has_options","9":"first","10":"instock","11":"taxable","12":"shipping-taxable","13":"purchasable","14":"product-type-variable"},"df_price":22.99,"df_sale_price":"","df_regular_price":22.99,"df_image_link":"https:\/\/prosocteamsport.com\/wp-content\/uploads\/2024\/02\/3-4-hose-mann-Protect-schwarz-263x300.jpg","wcpa_form_fields":{"wcpaData":{"product":{"product_price":22.99,"price_html":"<span class=\"woocommerce-Price-amount amount\"><bdi>22,99&nbsp;<span class=\"woocommerce-Price-currencySymbol\">&euro;<\/span><\/bdi><\/span> &ndash; <span class=\"woocommerce-Price-amount amount\"><bdi>23,99&nbsp;<span class=\"woocommerce-Price-currencySymbol\">&euro;<\/span><\/bdi><\/span>","original_product_price":22.99,"price_including_tax":22.99,"price_excluding_tax":19.319328,"product_id":{"parent":12403,"variation":false},"is_variable":true,"stock_status":"instock","stock_quantity":null,"parent_sku":"100959.100","product_attributes":{"pa_size":{"is_variation":true,"values":[]}},"custom_fields":[],"is_taxable":true,"product_name":"Protect 3\/4 Hose - Torh\u00fcter - Torwartschule","hasImage":false},"fields":{"sec_065a7cc80d9fcc":{"extra":{"key":"sec_065a7cc80d9fcc","section_id":"sec_065a7cc80d9fcc","name":"Default","status":1,"cl_rule":"show","enableCl":false,"relations":[],"toggle":true,"title_tag":"h3","show_title":false,"showPrice":"default","form_id":12174,"form_rules":{"exclude_from_discount":false,"fee_label":"Fee","disp_hide_options_price":false,"disp_show_section_price":false,"disp_show_field_price":true,"layout_option":"standard","pric_use_as_fee":false,"process_fee_as":"woo_fee"},"layout_option":"standard"},"fields":[[{"active":true,"col":6,"relations":false,"cl_rule":"show","enableCl":false,"price":"","enablePrice":false,"className":"","label_position":"default","desc_position":"default","type":"text","subtype":"text","required":false,"elementId":"text_4956840441","label":"Initialen","name":"text_4956840441","value":"","error":false,"gt_translate_keys":["label","value"],"price_dependency":false,"cl_dependency":false}]]}},"config":{"price_override":"","enable_recaptcha":false,"bind_quantity":false,"quantity_bind_formula":false,"disp_summ_show_option_price":true,"disp_summ_show_product_price":true,"disp_summ_show_total_price":true,"disp_summ_show_fee":false,"disp_summ_show_discount":false,"summary_title":"","options_total_label":"Options Price","total_label":"Total","options_product_label":"Product Price","fee_label":"Fee","discount_label":"Discount","has_price":true,"has_quantity_formula":false},"mc_unit":1,"tax_rate":1,"tax_rate_real":0.19,"discount":{"percentage":0,"fixed":0},"design":{"conf":{"LabelPosition":"above","DescPosition":"above","UploadField":"custom_1","QuantityFieldStyle":"default"},"css":{"LeftLabelWidth":"120px"}},"formulas":[],"lookuptables":[],"clones":false,"cartKey":false}},"_links":{"self":[{"href":"https:\/\/prosocteamsport.com\/en\/wp-json\/wp\/v2\/product\/12403","targetHints":{"allow":["GET"]}}],"collection":[{"href":"https:\/\/prosocteamsport.com\/en\/wp-json\/wp\/v2\/product"}],"about":[{"href":"https:\/\/prosocteamsport.com\/en\/wp-json\/wp\/v2\/types\/product"}],"replies":[{"embeddable":true,"href":"https:\/\/prosocteamsport.com\/en\/wp-json\/wp\/v2\/comments?post=12403"}],"version-history":[{"count":3,"href":"https:\/\/prosocteamsport.com\/en\/wp-json\/wp\/v2\/product\/12403\/revisions"}],"predecessor-version":[{"id":12415,"href":"https:\/\/prosocteamsport.com\/en\/wp-json\/wp\/v2\/product\/12403\/revisions\/12415"}],"wp:featuredmedia":[{"embeddable":true,"href":"https:\/\/prosocteamsport.com\/en\/wp-json\/wp\/v2\/media\/12330"}],"wp:attachment":[{"href":"https:\/\/prosocteamsport.com\/en\/wp-json\/wp\/v2\/media?parent=12403"}],"wp:term":[{"taxonomy":"product_brand","embeddable":true,"href":"https:\/\/prosocteamsport.com\/en\/wp-json\/wp\/v2\/product_brand?post=12403"},{"taxonomy":"product_cat","embeddable":true,"href":"https:\/\/prosocteamsport.com\/en\/wp-json\/wp\/v2\/product_cat?post=12403"},{"taxonomy":"product_tag","embeddable":true,"href":"https:\/\/prosocteamsport.com\/en\/wp-json\/wp\/v2\/product_tag?post=12403"}],"curies":[{"name":"wp","href":"https:\/\/api.w.org\/{rel}","templated":true}]}}