{"id":12293,"date":"2024-02-15T09:49:25","date_gmt":"2024-02-15T08:49:25","guid":{"rendered":"https:\/\/prosocteamsport.com\/?post_type=product&#038;p=12293"},"modified":"2024-09-09T20:02:02","modified_gmt":"2024-09-09T18:02:02","slug":"crew-v-sweatshirt-black-red-fcts","status":"publish","type":"product","link":"https:\/\/prosocteamsport.com\/en\/product\/crew-v-sweatshirt-black-red-fcts\/","title":{"rendered":"Crew V Sweatshirt Black Red &#8211; FCT Sulzbach"},"content":{"rendered":"<div class=\"collapseText\">\n<p>Sweatshirt f\u00fcr M\u00e4nner\/Jungen. Es ist ideal f\u00fcr Fu\u00dfball- und Futsal-Trainingseinheiten, da es dich vor, w\u00e4hrend und nach dem Sport warm h\u00e4lt. Wenn du es au\u00dferdem mit einer passenden Hose kombinierst, hast du den kompletten Trainingsanzug, um dich tags\u00fcber bequem und warm anzuziehen.<\/p>\n<p>Dieses Sweatshirt hat einen gerippten Rundhalsausschnitt f\u00fcr einen bequemen Sitz sowie einen gerippten Kragen an den \u00c4rmeln und am Saum. Auf diese Weise sitzt das Sweatshirt besser, h\u00e4lt die K\u00e4lte ab und bietet dem Spieler mehr Komfort. All dies erm\u00f6glicht eine hervorragende Flexibilit\u00e4t und Bewegungsfreiheit.<\/p>\n<p>Der weiche Stoff macht das Sweatshirt sehr bequem und warm, damit du bei deinen Trainingseinheiten im Freien nicht frierst. Das Fleece-Innenfutter h\u00e4lt deine K\u00f6rpertemperatur konstant und optimiert das Komfortgef\u00fchl. Gleichzeitig sorgt der Schnitt f\u00fcr Bewegungsfreiheit, so dass dich nichts von deinem Spiel ablenken kann.<\/p>\n<p>Das Design zeichnet sich durch zwei kontrastfarbene Teile auf der Brust aus, die auf die Hauptfarbe des Sweatshirts abgestimmt sind. Eines dieser Teile ist mit einem innovativen Pr\u00e4gedesign aus kleinen Joma-Logomustern versehen. Die Pr\u00e4getechnik erzeugt einen neuartigen optischen Effekt und verleiht dem Sweatshirt einen modernen Touch.<\/p>\n<p>Embroidered Joma logo.<\/p>\n<\/div>","protected":false},"excerpt":{"rendered":"<p>Sweatshirt f\u00fcr M\u00e4nner\/Jungen. Es ist ideal f\u00fcr Fu\u00dfball- und Futsal-Trainingseinheiten, da es dich vor, w\u00e4hrend und nach dem Sport warm<\/p>","protected":false},"featured_media":12276,"comment_status":"open","ping_status":"closed","template":"","meta":{"rank_math_lock_modified_date":false},"product_brand":[],"product_cat":[142],"product_tag":[],"class_list":{"0":"post-12293","1":"product","2":"type-product","3":"status-publish","4":"has-post-thumbnail","6":"product_cat-fct-sulzbach","7":"wcpa_has_options","9":"first","10":"instock","11":"taxable","12":"shipping-taxable","13":"purchasable","14":"product-type-variable"},"df_price":27.9,"df_sale_price":"","df_regular_price":27.9,"df_image_link":"https:\/\/prosocteamsport.com\/wp-content\/uploads\/2024\/02\/Crew-V-\u2013-Sweatshirt-\u2013-Schwarz-Weiss-Rot-263x300.jpg","wcpa_form_fields":{"wcpaData":{"product":{"product_price":27.9,"price_html":"<span class=\"woocommerce-Price-amount amount\"><bdi>27,90&nbsp;<span class=\"woocommerce-Price-currencySymbol\">&euro;<\/span><\/bdi><\/span>","original_product_price":27.9,"price_including_tax":27.9,"price_excluding_tax":23.445377999999998,"product_id":{"parent":12293,"variation":false},"is_variable":true,"stock_status":"instock","stock_quantity":null,"parent_sku":"103085.106 FCTS","product_attributes":{"pa_size":{"is_variation":true,"values":[]}},"custom_fields":[],"is_taxable":true,"product_name":"Crew V Sweatshirt Black Red - FCT Sulzbach","hasImage":false},"fields":{"sec_065a7cc80d9fcc":{"extra":{"key":"sec_065a7cc80d9fcc","section_id":"sec_065a7cc80d9fcc","name":"Default","status":1,"cl_rule":"show","enableCl":false,"relations":[],"toggle":true,"title_tag":"h3","show_title":false,"showPrice":"default","form_id":12174,"form_rules":{"exclude_from_discount":false,"fee_label":"Fee","disp_hide_options_price":false,"disp_show_section_price":false,"disp_show_field_price":true,"layout_option":"standard","pric_use_as_fee":false,"process_fee_as":"woo_fee"},"layout_option":"standard"},"fields":[[{"active":true,"col":6,"relations":false,"cl_rule":"show","enableCl":false,"price":"","enablePrice":false,"className":"","label_position":"default","desc_position":"default","type":"text","subtype":"text","required":false,"elementId":"text_4956840441","label":"Initialen","name":"text_4956840441","value":"","error":false,"gt_translate_keys":["label","value"],"price_dependency":false,"cl_dependency":false}]]}},"config":{"price_override":"","enable_recaptcha":false,"bind_quantity":false,"quantity_bind_formula":false,"disp_summ_show_option_price":true,"disp_summ_show_product_price":true,"disp_summ_show_total_price":true,"disp_summ_show_fee":false,"disp_summ_show_discount":false,"summary_title":"","options_total_label":"Options Price","total_label":"Total","options_product_label":"Product Price","fee_label":"Fee","discount_label":"Discount","has_price":true,"has_quantity_formula":false},"mc_unit":1,"tax_rate":1,"tax_rate_real":0.19,"discount":{"percentage":0,"fixed":0},"design":{"conf":{"LabelPosition":"above","DescPosition":"above","UploadField":"custom_1","QuantityFieldStyle":"default"},"css":{"LeftLabelWidth":"120px"}},"formulas":[],"lookuptables":[],"clones":false,"cartKey":false}},"_links":{"self":[{"href":"https:\/\/prosocteamsport.com\/en\/wp-json\/wp\/v2\/product\/12293","targetHints":{"allow":["GET"]}}],"collection":[{"href":"https:\/\/prosocteamsport.com\/en\/wp-json\/wp\/v2\/product"}],"about":[{"href":"https:\/\/prosocteamsport.com\/en\/wp-json\/wp\/v2\/types\/product"}],"replies":[{"embeddable":true,"href":"https:\/\/prosocteamsport.com\/en\/wp-json\/wp\/v2\/comments?post=12293"}],"version-history":[{"count":2,"href":"https:\/\/prosocteamsport.com\/en\/wp-json\/wp\/v2\/product\/12293\/revisions"}],"predecessor-version":[{"id":12304,"href":"https:\/\/prosocteamsport.com\/en\/wp-json\/wp\/v2\/product\/12293\/revisions\/12304"}],"wp:featuredmedia":[{"embeddable":true,"href":"https:\/\/prosocteamsport.com\/en\/wp-json\/wp\/v2\/media\/12276"}],"wp:attachment":[{"href":"https:\/\/prosocteamsport.com\/en\/wp-json\/wp\/v2\/media?parent=12293"}],"wp:term":[{"taxonomy":"product_brand","embeddable":true,"href":"https:\/\/prosocteamsport.com\/en\/wp-json\/wp\/v2\/product_brand?post=12293"},{"taxonomy":"product_cat","embeddable":true,"href":"https:\/\/prosocteamsport.com\/en\/wp-json\/wp\/v2\/product_cat?post=12293"},{"taxonomy":"product_tag","embeddable":true,"href":"https:\/\/prosocteamsport.com\/en\/wp-json\/wp\/v2\/product_tag?post=12293"}],"curies":[{"name":"wp","href":"https:\/\/api.w.org\/{rel}","templated":true}]}}