{"id":12038,"date":"2024-01-08T17:08:51","date_gmt":"2024-01-08T16:08:51","guid":{"rendered":"https:\/\/prosocteamsport.com\/?post_type=product&#038;p=12038"},"modified":"2026-02-23T12:14:44","modified_gmt":"2026-02-23T11:14:44","slug":"nobel-kurze-trainingshose-djk-st-ingbert","status":"publish","type":"product","link":"https:\/\/prosocteamsport.com\/en\/product\/nobel-kurze-trainingshose-djk-st-ingbert\/","title":{"rendered":"Nobel &#8211; Kurze Hose &#8211; Schwarz &#8211; DJK St. Ingbert"},"content":{"rendered":"<p>Shorts that are extremely durable and elastic. Inside and outside of the pants are made of the same fabric. Ideal for professional sports.<\/p>\n<p>Sportshorts f\u00fcr Herren\/Jungen. Ihre zwei Hauptvorteile sind die hohe Best\u00e4ndigkeit und Elastizit\u00e4t. Zudem passen sie sich der Figur des Sportlers an, um f\u00fcr ein angenehmes Spiel zu sorgen. Ideal f\u00fcr den Sport auf professionellem Niveau.<\/p>","protected":false},"excerpt":{"rendered":"<p>Kurze Hose, die \u00e4u\u00dferst strapazierf\u00e4hig und elastisch ist. Innen- und Au\u00dfenseite der Hose sind aus dem gleichen Stoff. Ideal f\u00fcr<\/p>","protected":false},"featured_media":12001,"comment_status":"open","ping_status":"closed","template":"","meta":{"rank_math_lock_modified_date":false},"product_brand":[],"product_cat":[178],"product_tag":[],"class_list":{"0":"post-12038","1":"product","2":"type-product","3":"status-publish","4":"has-post-thumbnail","6":"product_cat-djk-st-ingbert","7":"wcpa_has_options","9":"first","10":"instock","11":"taxable","12":"shipping-taxable","13":"purchasable","14":"product-type-variable"},"df_price":9.79,"df_sale_price":"","df_regular_price":9.79,"df_image_link":"https:\/\/prosocteamsport.com\/wp-content\/uploads\/2024\/01\/Bermuda-Championship-VII-schwarz-weiss-263x300.jpg","wcpa_form_fields":{"wcpaData":{"product":{"product_price":9.79,"price_html":"<span class=\"woocommerce-Price-amount amount\"><bdi>9,79&nbsp;<span class=\"woocommerce-Price-currencySymbol\">&euro;<\/span><\/bdi><\/span> &ndash; <span class=\"woocommerce-Price-amount amount\"><bdi>10,49&nbsp;<span class=\"woocommerce-Price-currencySymbol\">&euro;<\/span><\/bdi><\/span>","original_product_price":9.79,"price_including_tax":9.79,"price_excluding_tax":8.226890999999998,"product_id":{"parent":12038,"variation":false},"is_variable":true,"stock_status":"instock","stock_quantity":null,"parent_sku":"100053.100-DJK","product_attributes":{"pa_groessen-deutsch":{"is_variation":true,"values":[]}},"custom_fields":[],"is_taxable":true,"product_name":"Nobel - Kurze Hose - Schwarz - DJK St. Ingbert","hasImage":false},"fields":{"sec_065a7cc80d9fcc":{"extra":{"key":"sec_065a7cc80d9fcc","section_id":"sec_065a7cc80d9fcc","name":"Default","status":1,"cl_rule":"show","enableCl":false,"relations":[],"toggle":true,"title_tag":"h3","show_title":false,"showPrice":"default","form_id":12174,"form_rules":{"exclude_from_discount":false,"fee_label":"Fee","disp_hide_options_price":false,"disp_show_section_price":false,"disp_show_field_price":true,"layout_option":"standard","pric_use_as_fee":false,"process_fee_as":"woo_fee"},"layout_option":"standard"},"fields":[[{"active":true,"col":6,"relations":false,"cl_rule":"show","enableCl":false,"price":"","enablePrice":false,"className":"","label_position":"default","desc_position":"default","type":"text","subtype":"text","required":false,"elementId":"text_4956840441","label":"Initialen","name":"text_4956840441","value":"","error":false,"gt_translate_keys":["label","value"],"price_dependency":false,"cl_dependency":false}]]}},"config":{"price_override":"","enable_recaptcha":false,"bind_quantity":false,"quantity_bind_formula":false,"disp_summ_show_option_price":true,"disp_summ_show_product_price":true,"disp_summ_show_total_price":true,"disp_summ_show_fee":false,"disp_summ_show_discount":false,"summary_title":"","options_total_label":"Options Price","total_label":"Total","options_product_label":"Product Price","fee_label":"Fee","discount_label":"Discount","has_price":true,"has_quantity_formula":false},"mc_unit":1,"tax_rate":1,"tax_rate_real":0.19,"discount":{"percentage":0,"fixed":0},"design":{"conf":{"LabelPosition":"above","DescPosition":"above","UploadField":"custom_1","QuantityFieldStyle":"default"},"css":{"LeftLabelWidth":"120px"}},"formulas":[],"lookuptables":[],"clones":false,"cartKey":false}},"_links":{"self":[{"href":"https:\/\/prosocteamsport.com\/en\/wp-json\/wp\/v2\/product\/12038","targetHints":{"allow":["GET"]}}],"collection":[{"href":"https:\/\/prosocteamsport.com\/en\/wp-json\/wp\/v2\/product"}],"about":[{"href":"https:\/\/prosocteamsport.com\/en\/wp-json\/wp\/v2\/types\/product"}],"replies":[{"embeddable":true,"href":"https:\/\/prosocteamsport.com\/en\/wp-json\/wp\/v2\/comments?post=12038"}],"version-history":[{"count":5,"href":"https:\/\/prosocteamsport.com\/en\/wp-json\/wp\/v2\/product\/12038\/revisions"}],"predecessor-version":[{"id":18149,"href":"https:\/\/prosocteamsport.com\/en\/wp-json\/wp\/v2\/product\/12038\/revisions\/18149"}],"wp:featuredmedia":[{"embeddable":true,"href":"https:\/\/prosocteamsport.com\/en\/wp-json\/wp\/v2\/media\/12001"}],"wp:attachment":[{"href":"https:\/\/prosocteamsport.com\/en\/wp-json\/wp\/v2\/media?parent=12038"}],"wp:term":[{"taxonomy":"product_brand","embeddable":true,"href":"https:\/\/prosocteamsport.com\/en\/wp-json\/wp\/v2\/product_brand?post=12038"},{"taxonomy":"product_cat","embeddable":true,"href":"https:\/\/prosocteamsport.com\/en\/wp-json\/wp\/v2\/product_cat?post=12038"},{"taxonomy":"product_tag","embeddable":true,"href":"https:\/\/prosocteamsport.com\/en\/wp-json\/wp\/v2\/product_tag?post=12038"}],"curies":[{"name":"wp","href":"https:\/\/api.w.org\/{rel}","templated":true}]}}