{"id":10288,"date":"2023-05-15T15:21:31","date_gmt":"2023-05-15T13:21:31","guid":{"rendered":"https:\/\/prosoc.webext-media.de\/agb\/"},"modified":"2026-01-05T15:47:02","modified_gmt":"2026-01-05T14:47:02","slug":"agb","status":"publish","type":"page","link":"https:\/\/prosocteamsport.com\/en\/agb\/","title":{"rendered":"Terms and Conditions"},"content":{"rendered":"<div data-elementor-type=\"wp-page\" data-elementor-id=\"10288\" class=\"elementor elementor-10288\" data-elementor-post-type=\"page\">\n\t\t\t\t\t\t<section data-particle_enable=\"false\" data-particle-mobile-disabled=\"false\" class=\"wd-negative-gap elementor-section elementor-top-section elementor-element elementor-element-e277e0e elementor-section-boxed elementor-section-height-default elementor-section-height-default\" data-id=\"e277e0e\" data-element_type=\"section\" data-e-type=\"section\">\n\t\t\t\t\t\t<div class=\"elementor-container elementor-column-gap-default\">\n\t\t\t\t\t<div class=\"elementor-column elementor-col-100 elementor-top-column elementor-element elementor-element-0f2e073\" data-id=\"0f2e073\" data-element_type=\"column\" data-e-type=\"column\">\n\t\t\t<div class=\"elementor-widget-wrap elementor-element-populated\">\n\t\t\t\t\t\t<div class=\"elementor-element elementor-element-6595dd9 color-scheme-inherit text-left elementor-widget elementor-widget-text-editor\" data-id=\"6595dd9\" data-element_type=\"widget\" data-e-type=\"widget\" data-widget_type=\"text-editor.default\">\n\t\t\t\t<div class=\"elementor-widget-container\">\n\t\t\t\t\t\t\t\t\t<div class=\"page\" title=\"page 1\"><div class=\"layoutArea\"><div class=\"column\"><h1>General terms and conditions of the company ProSoc GmbH<\/h1><div class=\"page\" title=\"page 1\"><div class=\"layoutArea\"><div class=\"column\"><h3>\u00a71 Applicability to entrepreneurs and definitions of terms<\/h3><div class=\"page\" title=\"page 1\"><div class=\"layoutArea\"><div class=\"column\"><p>(1) The following general terms and conditions apply to all deliveries between us and a consumer in the version valid at the time of the order. A consumer is any natural person who enters into a legal transaction for purposes that are predominantly neither commercial nor self-employed (\u00a7 13 BGB).<\/p><div class=\"page\" title=\"page 1\"><div class=\"layoutArea\"><div class=\"column\"><h3>\u00a72 Formation of a contract, storage of the text of the contract<\/h3><div class=\"page\" title=\"page 1\"><div class=\"layoutArea\"><div class=\"column\"><p>(1) The following regulations on the conclusion of the contract apply to orders via our internet shop https:\/\/prosocteamsport.com.<\/p><div class=\"page\" title=\"page 1\"><div class=\"layoutArea\"><div class=\"column\"><p>(2) If the contract is concluded, the contract comes with it<\/p><strong>ProSoc GmbH<\/strong><br \/><strong>Sebastian Korst <\/strong><\/div><div class=\"column\"><strong>Miesenbacherstr. 3<\/strong><br \/><strong>D-66877 Ramstein-Miesenbach<\/strong><\/div><div class=\"column\"><strong>Registernummer <\/strong><strong>HRB 31809<\/strong><br \/><strong>Register court in Zweibruecken<\/strong><p>\u00a0<\/p><p>conditions.<\/p><div class=\"page\" title=\"page 1\"><div class=\"section\"><div class=\"layoutArea\"><div class=\"column\"><p>(3) The presentation of the goods in our online shop does not represent a legally binding contract offer on our part, but is only a non-binding invitation to the consumer to order goods. By ordering the desired goods, the consumer makes a binding offer to conclude a purchase contract.<\/p><\/div><\/div><div class=\"layoutArea\"><div class=\"column\"><p>(4) When an order is received in our online shop, the following regulations apply: The consumer submits a binding contract offer by successfully going through the ordering procedure provided in our online shop.<\/p><p>The order is made in the following steps:<\/p><div class=\"page\" title=\"page 1\"><div class=\"layoutArea\"><div class=\"column\"><p>1) Selection of the desired goods<br \/>2) Confirm by clicking the &quot;Order&quot; button<br \/>3) Checking the information in the shopping cart<br \/>4) Click on the &quot;Checkout&quot; button<br \/>5) Registration in the Internet shop after registering and entering the registration details (e-mail address and password).<br \/>6) Re-examination or correction of the entered data.<br \/>7) Binding dispatch of the order by clicking the button &quot;order with costs&quot; or &quot;buy&quot;<\/p><div class=\"page\" title=\"page 1\"><div class=\"section\"><div class=\"layoutArea\"><div class=\"column\"><p>Before the binding submission of the order, the consumer can return to the website on which the customer&#039;s details are recorded and correct or correct input errors by pressing the &quot;Back&quot; button in the Internet browser he is using after checking his details Closing the internet browser cancel the ordering process. We immediately confirm receipt of the order by an automatically generated email (&quot;order confirmation&quot;). With this we accept your offer.<\/p><div class=\"page\" title=\"page 1\"><div class=\"layoutArea\"><div class=\"column\"><p>(5) Saving the text of the contract when ordering via our online shop: We save the text of the contract and send you the order data and our general terms and conditions by e-mail. You can also view the terms and conditions at any time at https:\/\/prosocteamsport.com\/agb. You can view your past orders in our customer area under My Account &#8211;&gt; My Orders.<\/p><div class=\"page\" title=\"page 1\"><div class=\"layoutArea\"><div class=\"column\"><h3>\u00a73 Prices, shipping costs, payment, due date<\/h3><div class=\"page\" title=\"page 1\"><div class=\"layoutArea\"><div class=\"column\"><p>(1) The prices indicated include the statutory sales tax and other price components. In addition, there are any shipping costs.<\/p><\/div><\/div><div class=\"layoutArea\"><div class=\"column\"><p>(2) The consumer has the option of paying by PayPal, Giropay, credit card (Visa, Mastercard, American Express).<\/p><div class=\"page\" title=\"page 2\"><div class=\"layoutArea\"><div class=\"column\"><h3>\u00a74 Delivery<\/h3><div class=\"page\" title=\"page 2\"><div class=\"section\"><div class=\"layoutArea\"><div class=\"column\"><p>(1) Sofern wir dies in der Produktbeschreibung nicht deutlich anders angegeben haben, sind alle von uns angebotenen Artikel sofort versandfertig. Die Lieferung erfolgt hier spa\u0308testens innerhalb von 3-4 Wochen. Dabei beginnt die Frist fu\u0308r die Lieferung im Falle der Zahlung per Vorkasse am Tag nach Zahlungsauftrag an die mit der U\u0308berweisung beauftragte Bank und bei allen anderen Zahlungsarten am Tag nach Vertragsschluss zu laufen. Fa\u0308llt das Fristende auf einen Samstag, Sonntag oder gesetzlichen Feiertag am Lieferort, so endet die Frist am na\u0308chsten Werktag.<\/p><\/div><\/div><\/div><div class=\"layoutArea\"><div class=\"column\"><p data-start=\"2783\" data-end=\"2954\">(2) Bei Lieferverz\u00f6gerungen informieren wir den Kunden unverz\u00fcglich. Ein R\u00fccktritt wegen leichter Verz\u00f6gerungen ist ausgeschlossen; gesetzliche Rechte bleiben unber\u00fchrt.<\/p><p data-start=\"2956\" data-end=\"3090\">(3) Grunds\u00e4tzlich erfolgt der Versand nur vollst\u00e4ndiger Bestellungen. Teillieferungen erfolgen nur nach ausdr\u00fccklicher Vereinbarung.<\/p><p>(4) Die Gefahr des zufa\u0308lligen Untergangs und der zufa\u0308lligen Verschlechterung der verkauften Sache geht auch beim Versendungskauf erst mit der U\u0308bergabe der Sache an den Ka\u0308ufer auf diesen u\u0308ber.<\/p><div class=\"page\" title=\"page 2\"><div class=\"layoutArea\"><div class=\"column\"><h3>\u00a75 Retention of title<\/h3><div class=\"page\" title=\"page 2\"><div class=\"layoutArea\"><div class=\"column\"><p>We reserve ownership of the goods until the purchase price has been paid in full.<\/p><div class=\"page\" title=\"page 2\"><div class=\"layoutArea\"><div class=\"column\"><h3>\u00a76 Right of withdrawal of the customer as a consumer:<\/h3><h3>Right of Withdrawal<\/h3><div class=\"page\" title=\"page 2\"><div class=\"layoutArea\"><div class=\"column\"><p>(1) Verbrauchern steht ein Widerrufsrecht nach folgender Ma\u00dfgabe zu, wobei Verbraucher jede natu\u0308rliche Person ist, die ein Rechtsgescha\u0308ft zu Zwecken abschlie\u00dft, die u\u0308berwiegend weder ihrer gewerblichen noch ihrer selbsta\u0308ndigen beruflichen Ta\u0308tigkeit zugerechnet werden ko\u0308nnen.\u00a0\u00a0<\/p><p>(2) <strong data-start=\"3528\" data-end=\"3541\">Ausnahme:<\/strong> Das Widerrufsrecht besteht nicht f\u00fcr Waren, die <strong data-start=\"3590\" data-end=\"3675\">nach Kundenvorgaben gefertigt, personalisiert, individuell bedruckt oder beflockt<\/strong> wurden (\u00a7 312g Abs. 2 Nr. 1 BGB).<\/p><p>\u00a0<\/p><div class=\"page\" title=\"page 2\"><div class=\"layoutArea\"><div class=\"column\"><h3 style=\"text-align: center;\"><span style=\"text-decoration: underline;\">Cancellation Policy<\/span><\/h3><div class=\"page\" title=\"page 2\"><div class=\"layoutArea\"><div class=\"column\"><h4>right of withdrawal<\/h4><div class=\"page\" title=\"page 2\"><div class=\"layoutArea\"><div class=\"column\"><p>You have the right to withdraw from this contract within fourteen days without giving any reason.<\/p><div class=\"page\" title=\"page 2\"><div class=\"layoutArea\"><div class=\"column\"><p>The cancellation period is fourteen days from the day on which you or a third party named by you who is not the carrier took possession of the goods.<\/p><div class=\"page\" title=\"page 2\"><div class=\"layoutArea\"><div class=\"column\"><p>In order to exercise your right of withdrawal, you must inform us<\/p><p>ProSoc GmbH<br \/>Sebastian Korst<br \/>Miesenbacherstr.3<br \/>D-66877 Ramstein-Miesenbach<br \/>E-Mail info@prosocteamsport.com<br \/>Telephone +49 (0) 6371 &#8211; 5996 950<\/p><div class=\"page\" title=\"page 2\"><div class=\"layoutArea\"><div class=\"column\"><p>by means of a clear statement (e.g. a letter sent by post, fax or e-mail) of your decision to withdraw from this contract. You can use the attached sample revocation form for this, but this is not mandatory.<\/p><div class=\"page\" title=\"page 2\"><div class=\"layoutArea\"><div class=\"column\"><h4>Consequences of revocation<\/h4><div class=\"page\" title=\"page 2\"><div class=\"section\"><div class=\"layoutArea\"><div class=\"column\"><p>If you revoke this contract, we have paid you all payments that we have received from you, including the delivery costs (with the exception of the additional costs resulting from the fact that you have chosen a different type of delivery than the cheapest standard delivery offered by us have), immediately and at the latest within fourteen days from the day on which we received the notification of your cancellation of this contract. For this repayment, we use the same means of payment that you used in the original transaction, unless something else was expressly agreed with you; under no circumstances will you be charged fees for this repayment.<\/p><p>We may refuse repayment until we have received the returned goods or until you have provided proof that you have returned the goods, whichever is earlier.<\/p><div class=\"page\" title=\"page 2\"><div class=\"layoutArea\"><div class=\"column\"><p>You must return or hand over the goods to us immediately and in any event no later than fourteen days from the day on which you inform us of the cancellation of this contract. The deadline is met if you send back the goods before the period of fourteen days has expired.<\/p><div class=\"page\" title=\"page 2\"><div class=\"layoutArea\"><div class=\"column\"><p>You bear the direct costs of returning the goods.<\/p><div class=\"page\" title=\"page 3\"><div class=\"layoutArea\"><div class=\"column\"><h4>End of revocation<\/h4><div class=\"page\" title=\"page 3\"><div class=\"layoutArea\"><div class=\"column\"><h3>\u00a77 Cancellation form<\/h3><div class=\"page\" title=\"page 3\"><div class=\"layoutArea\"><div class=\"column\"><p><span style=\"color: #000000;\"><strong>Sample cancellation form<\/strong><\/span><\/p><div class=\"page\" title=\"page 3\"><div class=\"layoutArea\"><div class=\"column\"><p>(If you want to revoke the contract, please fill out this form and send it back.)<\/p><p>At :<br \/>ProSoc GmbH, Sebastian Korst, Miesenbacherstr.3, D-66877 Ramstein-Miesenbach<\/p><p>Telephone +49 (0) 6371 \u2013 59 96 950<\/p><p>E-Mail info@prosocteamsport.com<\/p><p>I\/we (*) hereby revoke the contract concluded by me\/us (*) for the purchase of the following goods (*)\/the provision of the following service (*)<\/p><p>_____________________________________________________<\/p><p>Ordered on (*)\/received on (*)<br \/>__________________<br \/>Name of consumer(s)<br \/>_____________________________________________________<\/p><p>Address of consumer(s)<br \/>_____________________________________________________<\/p><p>Signature of consumer(s) (only if notification is on paper)<\/p><p>__________________<br \/>Date<\/p><p>__________________<\/p><p>(*) Delete where not applicable.<\/p><h3>\u00a78 Gewa\u0308hrleistung und Reklamation<\/h3><p data-start=\"4592\" data-end=\"4647\">(1) Es gelten die gesetzlichen Gew\u00e4hrleistungsrechte.<\/p><p data-start=\"4649\" data-end=\"4887\">(2) F\u00fcr <strong data-start=\"4657\" data-end=\"4708\">personalisiert bedruckte oder beflockte Artikel<\/strong> gilt eine <strong data-start=\"4719\" data-end=\"4773\">besondere Reklamationsfrist von 3 Wochen ab Erhalt<\/strong>, sofern die Waschanleitung eingehalten wurde und die Artikel nicht unsachgem\u00e4\u00df behandelt oder ver\u00e4ndert wurden.<\/p><p data-start=\"4889\" data-end=\"5029\">(3) Geringf\u00fcgige Abweichungen in Farbe, Material, Schnitt oder Druck gelten als handels\u00fcbliche Abweichungen und stellen keinen Mangel dar.<\/p><h3>\u00a79 Contract language<\/h3><p>As contract language german will be available exclusively.<\/p><\/div><p>Stand der AGB Jan. 2026<\/p><\/div><\/div><\/div><\/div><\/div><\/div><\/div><\/div><\/div><\/div><\/div><\/div><\/div><\/div><\/div><\/div><\/div><\/div><\/div><\/div><\/div><\/div><\/div><\/div><\/div><\/div><\/div><\/div><\/div><\/div><\/div><\/div><\/div><\/div><\/div><\/div><\/div><\/div><\/div><\/div><\/div><\/div><\/div><\/div><\/div><\/div><\/div><\/div><\/div><\/div><\/div><\/div><\/div><\/div><\/div><\/div><\/div><\/div><\/div><\/div><\/div><\/div><\/div><\/div><\/div><\/div><\/div><\/div><\/div><\/div><\/div><\/div><\/div><\/div><\/div><\/div><\/div><\/div><\/div><\/div><\/div><\/div><\/div><\/div><\/div><\/div><\/div><\/div><\/div><\/div><\/div><\/div><\/div><\/div><\/div><\/div><\/div><\/div>\t\t\t\t\t\t\t\t<\/div>\n\t\t\t\t<\/div>\n\t\t\t\t\t<\/div>\n\t\t<\/div>\n\t\t\t\t\t<\/div>\n\t\t<\/section>\n\t\t\t\t<\/div>","protected":false},"excerpt":{"rendered":"<p>Allgemeine Gescha\u0308ftsbedingungen der Firma ProSoc GmbH \u00a71 Geltung gegenu\u0308ber Unternehmern und Begriffsdefinitionen (1) Die nachfolgenden Allgemeinen Gescha\u0308ftbedingungen gelten fu\u0308r alle<\/p>","protected":false},"author":1,"featured_media":0,"parent":0,"menu_order":0,"comment_status":"closed","ping_status":"closed","template":"","meta":{"rank_math_lock_modified_date":false,"footnotes":""},"class_list":["post-10288","page","type-page","status-publish","hentry"],"_links":{"self":[{"href":"https:\/\/prosocteamsport.com\/en\/wp-json\/wp\/v2\/pages\/10288","targetHints":{"allow":["GET"]}}],"collection":[{"href":"https:\/\/prosocteamsport.com\/en\/wp-json\/wp\/v2\/pages"}],"about":[{"href":"https:\/\/prosocteamsport.com\/en\/wp-json\/wp\/v2\/types\/page"}],"author":[{"embeddable":true,"href":"https:\/\/prosocteamsport.com\/en\/wp-json\/wp\/v2\/users\/1"}],"replies":[{"embeddable":true,"href":"https:\/\/prosocteamsport.com\/en\/wp-json\/wp\/v2\/comments?post=10288"}],"version-history":[{"count":13,"href":"https:\/\/prosocteamsport.com\/en\/wp-json\/wp\/v2\/pages\/10288\/revisions"}],"predecessor-version":[{"id":18038,"href":"https:\/\/prosocteamsport.com\/en\/wp-json\/wp\/v2\/pages\/10288\/revisions\/18038"}],"wp:attachment":[{"href":"https:\/\/prosocteamsport.com\/en\/wp-json\/wp\/v2\/media?parent=10288"}],"curies":[{"name":"wp","href":"https:\/\/api.w.org\/{rel}","templated":true}]}}